{"id":8884,"date":"2026-02-09T21:07:24","date_gmt":"2026-02-09T20:07:24","guid":{"rendered":"https:\/\/divinshkachocolate.com\/casablanca\/?post_type=product&#038;p=8884"},"modified":"2026-02-09T21:07:24","modified_gmt":"2026-02-09T20:07:24","slug":"coffret-bouquin-saint-valentin","status":"publish","type":"product","link":"https:\/\/divinshkachocolate.com\/casablanca\/product\/coffret-bouquin-saint-valentin\/","title":{"rendered":"Coffret Bouquin Saint-Valentin"},"content":{"rendered":"<p>Coffret Bouquin Saint-Valentin, compos\u00e9 de 350g de chocolat personnalis\u00e9, c\u0153urs aux fruits lyophilis\u00e9s, calades, et chocolats en c\u0153urs.<\/p>\n","protected":false},"excerpt":{"rendered":"<p>Coffret Bouquin Saint-Valentin, compos\u00e9 de 350g de chocolat personnalis\u00e9, c\u0153urs aux fruits lyophilis\u00e9s, calades, et chocolats en c\u0153urs.<\/p>\n","protected":false},"featured_media":8886,"comment_status":"open","ping_status":"closed","template":"","meta":[],"product_cat":[182],"product_tag":[185],"_links":{"self":[{"href":"https:\/\/divinshkachocolate.com\/casablanca\/wp-json\/wp\/v2\/product\/8884"}],"collection":[{"href":"https:\/\/divinshkachocolate.com\/casablanca\/wp-json\/wp\/v2\/product"}],"about":[{"href":"https:\/\/divinshkachocolate.com\/casablanca\/wp-json\/wp\/v2\/types\/product"}],"replies":[{"embeddable":true,"href":"https:\/\/divinshkachocolate.com\/casablanca\/wp-json\/wp\/v2\/comments?post=8884"}],"wp:featuredmedia":[{"embeddable":true,"href":"https:\/\/divinshkachocolate.com\/casablanca\/wp-json\/wp\/v2\/media\/8886"}],"wp:attachment":[{"href":"https:\/\/divinshkachocolate.com\/casablanca\/wp-json\/wp\/v2\/media?parent=8884"}],"wp:term":[{"taxonomy":"product_cat","embeddable":true,"href":"https:\/\/divinshkachocolate.com\/casablanca\/wp-json\/wp\/v2\/product_cat?post=8884"},{"taxonomy":"product_tag","embeddable":true,"href":"https:\/\/divinshkachocolate.com\/casablanca\/wp-json\/wp\/v2\/product_tag?post=8884"}],"curies":[{"name":"wp","href":"https:\/\/api.w.org\/{rel}","templated":true}]}}