{"id":8750,"date":"2025-11-15T18:02:46","date_gmt":"2025-11-15T17:02:46","guid":{"rendered":"https:\/\/divinshkachocolate.com\/casablanca\/?post_type=product&#038;p=8750"},"modified":"2025-11-16T14:10:50","modified_gmt":"2025-11-16T13:10:50","slug":"bouquin-chocolat-revelations-3","status":"publish","type":"product","link":"https:\/\/divinshkachocolate.com\/casablanca\/product\/bouquin-chocolat-revelations-3\/","title":{"rendered":"Bouquin Chocolat R\u00e9v\u00e9lations"},"content":{"rendered":"<p>Bouquin R\u00e9v\u00e9lations est un coffret rigide sous forme d\u2019un bouquin Vintage.<\/p>\n<p>Il est compos\u00e9 de : 300 g de chocolat, 8 fraises enrob\u00e9es de chocolat<\/p>\n","protected":false},"excerpt":{"rendered":"<p>Bouquin R\u00e9v\u00e9lations est un coffret rigide sous forme d\u2019un bouquin Vintage.<\/p>\n<p>Il est compos\u00e9 de : 300 g de chocolat, 8 fraises enrob\u00e9es de chocolat<\/p>\n<div id=\"attachment_8752\" style=\"width: 1717px\" class=\"wp-caption alignnone\"><img loading=\"lazy\" decoding=\"async\" aria-describedby=\"caption-attachment-8752\" class=\"size-full wp-image-8752\" src=\"https:\/\/divinshkachocolate.com\/casablanca\/wp-content\/uploads\/2025\/11\/0I9A1322-scaled.jpg\" alt=\"Bouquin Chocolat R\u00e9v\u00e9lations \" width=\"1707\" height=\"2560\" srcset=\"https:\/\/divinshkachocolate.com\/casablanca\/wp-content\/uploads\/2025\/11\/0I9A1322-scaled.jpg 1707w, https:\/\/divinshkachocolate.com\/casablanca\/wp-content\/uploads\/2025\/11\/0I9A1322-83x125.jpg 83w, https:\/\/divinshkachocolate.com\/casablanca\/wp-content\/uploads\/2025\/11\/0I9A1322-50x75.jpg 50w, https:\/\/divinshkachocolate.com\/casablanca\/wp-content\/uploads\/2025\/11\/0I9A1322-1024x1536.jpg 1024w, https:\/\/divinshkachocolate.com\/casablanca\/wp-content\/uploads\/2025\/11\/0I9A1322-1365x2048.jpg 1365w\" sizes=\"(max-width: 1707px) 100vw, 1707px\" \/><p id=\"caption-attachment-8752\" class=\"wp-caption-text\">Bouquin Chocolat R\u00e9v\u00e9lations<\/p><\/div>\n","protected":false},"featured_media":8751,"comment_status":"open","ping_status":"closed","template":"","meta":[],"product_cat":[173,66],"product_tag":[],"_links":{"self":[{"href":"https:\/\/divinshkachocolate.com\/casablanca\/wp-json\/wp\/v2\/product\/8750"}],"collection":[{"href":"https:\/\/divinshkachocolate.com\/casablanca\/wp-json\/wp\/v2\/product"}],"about":[{"href":"https:\/\/divinshkachocolate.com\/casablanca\/wp-json\/wp\/v2\/types\/product"}],"replies":[{"embeddable":true,"href":"https:\/\/divinshkachocolate.com\/casablanca\/wp-json\/wp\/v2\/comments?post=8750"}],"wp:featuredmedia":[{"embeddable":true,"href":"https:\/\/divinshkachocolate.com\/casablanca\/wp-json\/wp\/v2\/media\/8751"}],"wp:attachment":[{"href":"https:\/\/divinshkachocolate.com\/casablanca\/wp-json\/wp\/v2\/media?parent=8750"}],"wp:term":[{"taxonomy":"product_cat","embeddable":true,"href":"https:\/\/divinshkachocolate.com\/casablanca\/wp-json\/wp\/v2\/product_cat?post=8750"},{"taxonomy":"product_tag","embeddable":true,"href":"https:\/\/divinshkachocolate.com\/casablanca\/wp-json\/wp\/v2\/product_tag?post=8750"}],"curies":[{"name":"wp","href":"https:\/\/api.w.org\/{rel}","templated":true}]}}