{"id":8745,"date":"2025-11-15T17:48:02","date_gmt":"2025-11-15T16:48:02","guid":{"rendered":"https:\/\/divinshkachocolate.com\/casablanca\/?post_type=product&#038;p=8745"},"modified":"2025-11-16T12:14:55","modified_gmt":"2025-11-16T11:14:55","slug":"cadeaux-chocolat-maroc-2","status":"publish","type":"product","link":"https:\/\/divinshkachocolate.com\/casablanca\/product\/cadeaux-chocolat-maroc-2\/","title":{"rendered":"Drag\u00e9es Personnalis\u00e9es"},"content":{"rendered":"<p>Des Drag\u00e9es Personnalis\u00e9es qui\u00a0 rappelle le Maroc<\/p>\n<p>Il est compos\u00e9 de : 500g de drag\u00e9es<\/p>\n","protected":false},"excerpt":{"rendered":"<p>Des Drag\u00e9es Personnalis\u00e9es qui\u00a0 rappelle le Maroc<\/p>\n<p>Il est compos\u00e9 de : 500g de drag\u00e9es<\/p>\n<div id=\"attachment_8749\" style=\"width: 2570px\" class=\"wp-caption alignnone\"><img loading=\"lazy\" decoding=\"async\" aria-describedby=\"caption-attachment-8749\" class=\"size-full wp-image-8749\" src=\"https:\/\/divinshkachocolate.com\/casablanca\/wp-content\/uploads\/2025\/11\/0I9A1382-scaled.jpg\" alt=\"Cadeaux Chocolat Maroc \" width=\"2560\" height=\"1707\" srcset=\"https:\/\/divinshkachocolate.com\/casablanca\/wp-content\/uploads\/2025\/11\/0I9A1382-scaled.jpg 2560w, https:\/\/divinshkachocolate.com\/casablanca\/wp-content\/uploads\/2025\/11\/0I9A1382-125x83.jpg 125w, https:\/\/divinshkachocolate.com\/casablanca\/wp-content\/uploads\/2025\/11\/0I9A1382-75x50.jpg 75w, https:\/\/divinshkachocolate.com\/casablanca\/wp-content\/uploads\/2025\/11\/0I9A1382-1536x1024.jpg 1536w, https:\/\/divinshkachocolate.com\/casablanca\/wp-content\/uploads\/2025\/11\/0I9A1382-2048x1365.jpg 2048w\" sizes=\"(max-width: 2560px) 100vw, 2560px\" \/><p id=\"caption-attachment-8749\" class=\"wp-caption-text\">Cadeaux Chocolat Maroc<\/p><\/div>\n","protected":false},"featured_media":8746,"comment_status":"open","ping_status":"closed","template":"","meta":[],"product_cat":[159],"product_tag":[],"_links":{"self":[{"href":"https:\/\/divinshkachocolate.com\/casablanca\/wp-json\/wp\/v2\/product\/8745"}],"collection":[{"href":"https:\/\/divinshkachocolate.com\/casablanca\/wp-json\/wp\/v2\/product"}],"about":[{"href":"https:\/\/divinshkachocolate.com\/casablanca\/wp-json\/wp\/v2\/types\/product"}],"replies":[{"embeddable":true,"href":"https:\/\/divinshkachocolate.com\/casablanca\/wp-json\/wp\/v2\/comments?post=8745"}],"wp:featuredmedia":[{"embeddable":true,"href":"https:\/\/divinshkachocolate.com\/casablanca\/wp-json\/wp\/v2\/media\/8746"}],"wp:attachment":[{"href":"https:\/\/divinshkachocolate.com\/casablanca\/wp-json\/wp\/v2\/media?parent=8745"}],"wp:term":[{"taxonomy":"product_cat","embeddable":true,"href":"https:\/\/divinshkachocolate.com\/casablanca\/wp-json\/wp\/v2\/product_cat?post=8745"},{"taxonomy":"product_tag","embeddable":true,"href":"https:\/\/divinshkachocolate.com\/casablanca\/wp-json\/wp\/v2\/product_tag?post=8745"}],"curies":[{"name":"wp","href":"https:\/\/api.w.org\/{rel}","templated":true}]}}