{"id":8632,"date":"2025-04-14T23:41:38","date_gmt":"2025-04-14T22:41:38","guid":{"rendered":"https:\/\/divinshkachocolate.com\/casablanca\/?post_type=product&#038;p=8632"},"modified":"2025-11-15T12:33:27","modified_gmt":"2025-11-15T11:33:27","slug":"cadeau-omra","status":"publish","type":"product","link":"https:\/\/divinshkachocolate.com\/casablanca\/product\/cadeau-omra\/","title":{"rendered":"Cadeau Omra"},"content":{"rendered":"<p>Cadeau Omra personnalis\u00e9 garni de 650g de chocolat, dispos\u00e9 dans un support en m\u00e9tal.<\/p>\n","protected":false},"excerpt":{"rendered":"<p>Cadeau Omra personnalis\u00e9 garni de 650g de chocolat, dispos\u00e9 dans un support en m\u00e9tal.<\/p>\n","protected":false},"featured_media":8633,"comment_status":"open","ping_status":"closed","template":"","meta":[],"product_cat":[170],"product_tag":[168],"_links":{"self":[{"href":"https:\/\/divinshkachocolate.com\/casablanca\/wp-json\/wp\/v2\/product\/8632"}],"collection":[{"href":"https:\/\/divinshkachocolate.com\/casablanca\/wp-json\/wp\/v2\/product"}],"about":[{"href":"https:\/\/divinshkachocolate.com\/casablanca\/wp-json\/wp\/v2\/types\/product"}],"replies":[{"embeddable":true,"href":"https:\/\/divinshkachocolate.com\/casablanca\/wp-json\/wp\/v2\/comments?post=8632"}],"wp:featuredmedia":[{"embeddable":true,"href":"https:\/\/divinshkachocolate.com\/casablanca\/wp-json\/wp\/v2\/media\/8633"}],"wp:attachment":[{"href":"https:\/\/divinshkachocolate.com\/casablanca\/wp-json\/wp\/v2\/media?parent=8632"}],"wp:term":[{"taxonomy":"product_cat","embeddable":true,"href":"https:\/\/divinshkachocolate.com\/casablanca\/wp-json\/wp\/v2\/product_cat?post=8632"},{"taxonomy":"product_tag","embeddable":true,"href":"https:\/\/divinshkachocolate.com\/casablanca\/wp-json\/wp\/v2\/product_tag?post=8632"}],"curies":[{"name":"wp","href":"https:\/\/api.w.org\/{rel}","templated":true}]}}