{"id":6708,"date":"2022-05-23T20:05:36","date_gmt":"2022-05-23T19:05:36","guid":{"rendered":"https:\/\/divinshkachocolate.com\/casablanca\/?post_type=product&#038;p=6708"},"modified":"2023-02-17T13:26:08","modified_gmt":"2023-02-17T12:26:08","slug":"cadeau-naissance","status":"publish","type":"product","link":"https:\/\/divinshkachocolate.com\/casablanca\/product\/cadeau-naissance\/","title":{"rendered":"Cadeau naissance"},"content":{"rendered":"<p>Cadeau naissance.<\/p>\n<p>Un cadeau unique sous forme de couffin, garni de fruits enrob\u00e9s de chocolat \u00e0 th\u00e8me, pour c\u00e9l\u00e9brer la naissance d&rsquo;un nouveau n\u00e9, gar\u00e7on ou fille.<\/p>\n<p>Une id\u00e9e originale pour d\u00e9corer un buffet de naissance, ou pour offrir comme cadeau.<\/p>\n<p>Existe en rose et en bleu.<\/p>\n<p>Livraison \u00e0 domicile ou \u00e0 la clinique disponible sur Casablanca, Darbouazza, Bouskoura<\/p>\n","protected":false},"excerpt":{"rendered":"<p>Cadeau naissance.<\/p>\n<p>Un cadeau unique sous forme de couffin, garni de fruits enrob\u00e9s de chocolat \u00e0 th\u00e8me, pour c\u00e9l\u00e9brer la naissance d&rsquo;un nouveau n\u00e9, gar\u00e7on ou fille.<\/p>\n<p>Une id\u00e9e originale pour d\u00e9corer un buffet de naissance, ou pour offrir comme cadeau.<\/p>\n<p>Existe en rose et en bleu.<\/p>\n<p>Livraison \u00e0 domicile ou \u00e0 la clinique disponible sur Casablanca, Darbouazza, Bouskoura<\/p>\n","protected":false},"featured_media":6710,"comment_status":"open","ping_status":"closed","template":"","meta":[],"product_cat":[36],"product_tag":[72],"_links":{"self":[{"href":"https:\/\/divinshkachocolate.com\/casablanca\/wp-json\/wp\/v2\/product\/6708"}],"collection":[{"href":"https:\/\/divinshkachocolate.com\/casablanca\/wp-json\/wp\/v2\/product"}],"about":[{"href":"https:\/\/divinshkachocolate.com\/casablanca\/wp-json\/wp\/v2\/types\/product"}],"replies":[{"embeddable":true,"href":"https:\/\/divinshkachocolate.com\/casablanca\/wp-json\/wp\/v2\/comments?post=6708"}],"wp:featuredmedia":[{"embeddable":true,"href":"https:\/\/divinshkachocolate.com\/casablanca\/wp-json\/wp\/v2\/media\/6710"}],"wp:attachment":[{"href":"https:\/\/divinshkachocolate.com\/casablanca\/wp-json\/wp\/v2\/media?parent=6708"}],"wp:term":[{"taxonomy":"product_cat","embeddable":true,"href":"https:\/\/divinshkachocolate.com\/casablanca\/wp-json\/wp\/v2\/product_cat?post=6708"},{"taxonomy":"product_tag","embeddable":true,"href":"https:\/\/divinshkachocolate.com\/casablanca\/wp-json\/wp\/v2\/product_tag?post=6708"}],"curies":[{"name":"wp","href":"https:\/\/api.w.org\/{rel}","templated":true}]}}