{"id":6704,"date":"2022-05-23T19:52:46","date_gmt":"2022-05-23T18:52:46","guid":{"rendered":"https:\/\/divinshkachocolate.com\/casablanca\/?post_type=product&#038;p=6704"},"modified":"2025-02-10T18:20:26","modified_gmt":"2025-02-10T17:20:26","slug":"bouquet-fiancailles","status":"publish","type":"product","link":"https:\/\/divinshkachocolate.com\/casablanca\/product\/bouquet-fiancailles\/","title":{"rendered":"Bouquet fian\u00e7ailles"},"content":{"rendered":"<p>Bouquet\u00a0 fian\u00e7ailles.<\/p>\n<p>Pour marquer vos fian\u00e7ailles et les c\u00e9l\u00e9brer en beaut\u00e9, vous pourriez opter pour ce magnifique bouquet de fruits enrob\u00e9s de chocolat, adapt\u00e9 pour l&rsquo;occasion, et personnalisez le avec vos pr\u00e9noms.<\/p>\n<p>Livraison bouquets disponible sur Casablanca, Darbouazza, Bouskoura<\/p>\n","protected":false},"excerpt":{"rendered":"<p>Bouquet\u00a0 fian\u00e7ailles.<\/p>\n<p>Pour marquer vos fian\u00e7ailles et les c\u00e9l\u00e9brer en beaut\u00e9, vous pourriez opter pour ce magnifique bouquet de fruits enrob\u00e9s de chocolat, adapt\u00e9 pour l&rsquo;occasion, et personnalisez le avec vos pr\u00e9noms.<\/p>\n<p>Livraison bouquets\u00a0 sur Casablanca, Darbouazza, Bouskoura<\/p>\n","protected":false},"featured_media":6705,"comment_status":"open","ping_status":"closed","template":"","meta":[],"product_cat":[48,34],"product_tag":[94],"_links":{"self":[{"href":"https:\/\/divinshkachocolate.com\/casablanca\/wp-json\/wp\/v2\/product\/6704"}],"collection":[{"href":"https:\/\/divinshkachocolate.com\/casablanca\/wp-json\/wp\/v2\/product"}],"about":[{"href":"https:\/\/divinshkachocolate.com\/casablanca\/wp-json\/wp\/v2\/types\/product"}],"replies":[{"embeddable":true,"href":"https:\/\/divinshkachocolate.com\/casablanca\/wp-json\/wp\/v2\/comments?post=6704"}],"wp:featuredmedia":[{"embeddable":true,"href":"https:\/\/divinshkachocolate.com\/casablanca\/wp-json\/wp\/v2\/media\/6705"}],"wp:attachment":[{"href":"https:\/\/divinshkachocolate.com\/casablanca\/wp-json\/wp\/v2\/media?parent=6704"}],"wp:term":[{"taxonomy":"product_cat","embeddable":true,"href":"https:\/\/divinshkachocolate.com\/casablanca\/wp-json\/wp\/v2\/product_cat?post=6704"},{"taxonomy":"product_tag","embeddable":true,"href":"https:\/\/divinshkachocolate.com\/casablanca\/wp-json\/wp\/v2\/product_tag?post=6704"}],"curies":[{"name":"wp","href":"https:\/\/api.w.org\/{rel}","templated":true}]}}