{"id":6283,"date":"2021-10-23T16:26:36","date_gmt":"2021-10-23T15:26:36","guid":{"rendered":"https:\/\/divinshkachocolate.com\/?post_type=product&#038;p=6283"},"modified":"2021-10-26T15:05:41","modified_gmt":"2021-10-26T14:05:41","slug":"bouquet-fruits-enrobes-de-chocolat-2","status":"publish","type":"product","link":"https:\/\/divinshkachocolate.com\/casablanca\/product\/bouquet-fruits-enrobes-de-chocolat-2\/","title":{"rendered":"Bouquet fruits enrob\u00e9s de chocolat"},"content":{"rendered":"<p>Bouquet de fruits enrob\u00e9s de chocolat et de fruits exotiques, pr\u00e9sent\u00e9e dans un majestueux coffret transparent.<\/p>\n<p>Le cadeau id\u00e9al aussi bien pour un anniversaire, que pour un cadeau entreprise, ou simplement pour marquer vos convives lors d&rsquo;un \u00e9v\u00e8nement heureux.<\/p>\n<p>Livraison disponible sur Casablanca, Bouskoura, Darbouazza, Mohamm\u00e9dia, Rabat.<\/p>\n","protected":false},"excerpt":{"rendered":"<p>Bouquet de fruits enrob\u00e9s de chocolat et de fruits exotiques, pr\u00e9sent\u00e9e dans un majestueux coffret transparent.<\/p>\n<p>Le cadeau id\u00e9al aussi bien pour un anniversaire, que pour un cadeau entreprise, ou simplement pour marquer vos convives lors d&rsquo;un \u00e9v\u00e8nement heureux.<\/p>\n<p>Livraison disponible sur Casablanca, Bouskoura, Darbouazza, Mohamm\u00e9dia, Rabat.<\/p>\n","protected":false},"featured_media":6393,"comment_status":"open","ping_status":"closed","template":"","meta":[],"product_cat":[34],"product_tag":[],"_links":{"self":[{"href":"https:\/\/divinshkachocolate.com\/casablanca\/wp-json\/wp\/v2\/product\/6283"}],"collection":[{"href":"https:\/\/divinshkachocolate.com\/casablanca\/wp-json\/wp\/v2\/product"}],"about":[{"href":"https:\/\/divinshkachocolate.com\/casablanca\/wp-json\/wp\/v2\/types\/product"}],"replies":[{"embeddable":true,"href":"https:\/\/divinshkachocolate.com\/casablanca\/wp-json\/wp\/v2\/comments?post=6283"}],"wp:featuredmedia":[{"embeddable":true,"href":"https:\/\/divinshkachocolate.com\/casablanca\/wp-json\/wp\/v2\/media\/6393"}],"wp:attachment":[{"href":"https:\/\/divinshkachocolate.com\/casablanca\/wp-json\/wp\/v2\/media?parent=6283"}],"wp:term":[{"taxonomy":"product_cat","embeddable":true,"href":"https:\/\/divinshkachocolate.com\/casablanca\/wp-json\/wp\/v2\/product_cat?post=6283"},{"taxonomy":"product_tag","embeddable":true,"href":"https:\/\/divinshkachocolate.com\/casablanca\/wp-json\/wp\/v2\/product_tag?post=6283"}],"curies":[{"name":"wp","href":"https:\/\/api.w.org\/{rel}","templated":true}]}}