{"id":6278,"date":"2021-10-23T16:18:12","date_gmt":"2021-10-23T15:18:12","guid":{"rendered":"https:\/\/divinshkachocolate.com\/?post_type=product&#038;p=6278"},"modified":"2024-08-09T15:44:43","modified_gmt":"2024-08-09T14:44:43","slug":"bouquet-fruits-enrobes-de-chocolat","status":"publish","type":"product","link":"https:\/\/divinshkachocolate.com\/casablanca\/product\/bouquet-fruits-enrobes-de-chocolat\/","title":{"rendered":"Bouquet fruits enrob\u00e9s de chocolat"},"content":{"rendered":"<p>Bouquet de fruits enrob\u00e9s de chocolat et de fruits exotiques, pr\u00e9sent\u00e9e dans un majestueux coffret transparent.<\/p>\n<p>Le cadeau id\u00e9al aussi bien pour un anniversaire, que pour un cadeau entreprise, ou simplement pour marquer vos convives lors d&rsquo;un \u00e9v\u00e8nement heureux.<\/p>\n<p>Livraison disponible sur Casablanca, Bouskoura, Darbouazza, Mohamm\u00e9dia, Rabat<\/p>\n","protected":false},"excerpt":{"rendered":"<p>Bouquet de fruits enrob\u00e9s de chocolat et de fruits exotiques, pr\u00e9sent\u00e9e dans un majestueux coffret transparent.<\/p>\n<p>Le cadeau id\u00e9al aussi bien pour un anniversaire, que pour un cadeau entreprise, ou simplement pour marquer vos convives lors d&rsquo;un \u00e9v\u00e8nement heureux.<\/p>\n<p>Livraison disponible sur Casablanca, Bouskoura, Darbouazza, Mohamm\u00e9dia, Rabat<\/p>\n","protected":false},"featured_media":6392,"comment_status":"open","ping_status":"closed","template":"","meta":[],"product_cat":[34,92],"product_tag":[],"_links":{"self":[{"href":"https:\/\/divinshkachocolate.com\/casablanca\/wp-json\/wp\/v2\/product\/6278"}],"collection":[{"href":"https:\/\/divinshkachocolate.com\/casablanca\/wp-json\/wp\/v2\/product"}],"about":[{"href":"https:\/\/divinshkachocolate.com\/casablanca\/wp-json\/wp\/v2\/types\/product"}],"replies":[{"embeddable":true,"href":"https:\/\/divinshkachocolate.com\/casablanca\/wp-json\/wp\/v2\/comments?post=6278"}],"wp:featuredmedia":[{"embeddable":true,"href":"https:\/\/divinshkachocolate.com\/casablanca\/wp-json\/wp\/v2\/media\/6392"}],"wp:attachment":[{"href":"https:\/\/divinshkachocolate.com\/casablanca\/wp-json\/wp\/v2\/media?parent=6278"}],"wp:term":[{"taxonomy":"product_cat","embeddable":true,"href":"https:\/\/divinshkachocolate.com\/casablanca\/wp-json\/wp\/v2\/product_cat?post=6278"},{"taxonomy":"product_tag","embeddable":true,"href":"https:\/\/divinshkachocolate.com\/casablanca\/wp-json\/wp\/v2\/product_tag?post=6278"}],"curies":[{"name":"wp","href":"https:\/\/api.w.org\/{rel}","templated":true}]}}