{"id":5834,"date":"2021-04-26T00:01:26","date_gmt":"2021-04-25T23:01:26","guid":{"rendered":"https:\/\/divinshkachocolate.com\/?post_type=product&#038;p=5834"},"modified":"2025-11-16T19:08:01","modified_gmt":"2025-11-16T18:08:01","slug":"bouquets-fruits-chocolat-7","status":"publish","type":"product","link":"https:\/\/divinshkachocolate.com\/casablanca\/product\/bouquets-fruits-chocolat-7\/","title":{"rendered":"Bouquet fruits enrob\u00e9s de chocolat"},"content":{"rendered":"<p>Bouquet de fruits enrob\u00e9s de chocolat et de fleurs, dans des tons pastel ( les chocolats noir et au lait gardent leurs couleurs naturelles).<\/p>\n<p>Le cadeau id\u00e9al pour l&rsquo;anniversaire\u00a0 de votre maman, pour la f\u00eate des m\u00e8res, ou simplement pour faire plaisir \u00e0 votre ch\u00e8re maman.<\/p>\n<p>Livraison disponible sur Casablanca, Darbouazza, Bouskoura, Mohamm\u00e9dia, Rabat.<\/p>\n","protected":false},"excerpt":{"rendered":"<p>Bouquet fruits enrob\u00e9s de chocolat et de fleurs, dans des tons pastel.<\/p>\n<p>Le cadeau id\u00e9al pour l&rsquo;anniversaire\u00a0 de votre maman, pour la f\u00eate des m\u00e8res, ou simplement pour faire plaisir \u00e0 votre ch\u00e8re maman.<\/p>\n<p>Livraison disponible sur Casablanca, Darbouazza, Bouskoura, Mohamm\u00e9dia, Rabat.<\/p>\n<p>.<\/p>\n","protected":false},"featured_media":5835,"comment_status":"open","ping_status":"closed","template":"","meta":[],"product_cat":[92,48,46],"product_tag":[],"_links":{"self":[{"href":"https:\/\/divinshkachocolate.com\/casablanca\/wp-json\/wp\/v2\/product\/5834"}],"collection":[{"href":"https:\/\/divinshkachocolate.com\/casablanca\/wp-json\/wp\/v2\/product"}],"about":[{"href":"https:\/\/divinshkachocolate.com\/casablanca\/wp-json\/wp\/v2\/types\/product"}],"replies":[{"embeddable":true,"href":"https:\/\/divinshkachocolate.com\/casablanca\/wp-json\/wp\/v2\/comments?post=5834"}],"wp:featuredmedia":[{"embeddable":true,"href":"https:\/\/divinshkachocolate.com\/casablanca\/wp-json\/wp\/v2\/media\/5835"}],"wp:attachment":[{"href":"https:\/\/divinshkachocolate.com\/casablanca\/wp-json\/wp\/v2\/media?parent=5834"}],"wp:term":[{"taxonomy":"product_cat","embeddable":true,"href":"https:\/\/divinshkachocolate.com\/casablanca\/wp-json\/wp\/v2\/product_cat?post=5834"},{"taxonomy":"product_tag","embeddable":true,"href":"https:\/\/divinshkachocolate.com\/casablanca\/wp-json\/wp\/v2\/product_tag?post=5834"}],"curies":[{"name":"wp","href":"https:\/\/api.w.org\/{rel}","templated":true}]}}