{"id":5797,"date":"2021-04-02T00:19:20","date_gmt":"2021-04-01T23:19:20","guid":{"rendered":"https:\/\/divinshkachocolate.com\/?post_type=product&#038;p=5797"},"modified":"2023-02-17T13:28:20","modified_gmt":"2023-02-17T12:28:20","slug":"bouquets-fruitsfleurs-3","status":"publish","type":"product","link":"https:\/\/divinshkachocolate.com\/casablanca\/product\/bouquets-fruitsfleurs-3\/","title":{"rendered":"Bouquet fruits enrob\u00e9s de chocolat"},"content":{"rendered":"<p>Bouquet fruits enrob\u00e9s de chocolat d\u00e9cor\u00e9 de magnifiques fleurs et macarons.<\/p>\n<p>Id\u00e9al pour un cadeau anniversaire, naissance, ou simplement pour faire ou se faire plaisir.<\/p>\n","protected":false},"excerpt":{"rendered":"<p>Bouquet fruits enrob\u00e9s de chocolat, fleurs, et macarons.<\/p>\n<p>Id\u00e9al pour un cadeau anniversaire, naissance, ou simplement pour faire ou se faire plaisir.<\/p>\n<p>Livraison disponible sur Casablanca, Darbouazza, Bouskoura, Mohamm\u00e9dia, Rabat.<\/p>\n<p>.<\/p>\n","protected":false},"featured_media":5798,"comment_status":"open","ping_status":"closed","template":"","meta":[],"product_cat":[48],"product_tag":[68],"_links":{"self":[{"href":"https:\/\/divinshkachocolate.com\/casablanca\/wp-json\/wp\/v2\/product\/5797"}],"collection":[{"href":"https:\/\/divinshkachocolate.com\/casablanca\/wp-json\/wp\/v2\/product"}],"about":[{"href":"https:\/\/divinshkachocolate.com\/casablanca\/wp-json\/wp\/v2\/types\/product"}],"replies":[{"embeddable":true,"href":"https:\/\/divinshkachocolate.com\/casablanca\/wp-json\/wp\/v2\/comments?post=5797"}],"wp:featuredmedia":[{"embeddable":true,"href":"https:\/\/divinshkachocolate.com\/casablanca\/wp-json\/wp\/v2\/media\/5798"}],"wp:attachment":[{"href":"https:\/\/divinshkachocolate.com\/casablanca\/wp-json\/wp\/v2\/media?parent=5797"}],"wp:term":[{"taxonomy":"product_cat","embeddable":true,"href":"https:\/\/divinshkachocolate.com\/casablanca\/wp-json\/wp\/v2\/product_cat?post=5797"},{"taxonomy":"product_tag","embeddable":true,"href":"https:\/\/divinshkachocolate.com\/casablanca\/wp-json\/wp\/v2\/product_tag?post=5797"}],"curies":[{"name":"wp","href":"https:\/\/api.w.org\/{rel}","templated":true}]}}