{"id":5016,"date":"2021-01-26T12:31:58","date_gmt":"2021-01-26T11:31:58","guid":{"rendered":"https:\/\/divinshkachocolate.com\/?post_type=product&#038;p=5016"},"modified":"2023-02-17T13:22:23","modified_gmt":"2023-02-17T12:22:23","slug":"cadeau-naissance-livraison-casablanca-2","status":"publish","type":"product","link":"https:\/\/divinshkachocolate.com\/casablanca\/product\/cadeau-naissance-livraison-casablanca-2\/","title":{"rendered":"Cadeau naissance"},"content":{"rendered":"<p>Cadeau naissance pour fille et gar\u00e7on, compos\u00e9 de fruits enrob\u00e9s de chocolat et de fleurs.<\/p>\n","protected":false},"excerpt":{"rendered":"<p>Un cadeau naissance original, compos\u00e9 de d\u00e9licieux fruits enrob\u00e9s de chocolat, ou d&rsquo;une s\u00e9lection de tablettes \u00e0 th\u00e8me et des chocolats.<\/p>\n<p>Astuce? Le berceau peut \u00eatre utilis\u00e9 pour d\u00e9corer le buffet, ou pour ranger les v\u00eatements du nouveau n\u00e9.<\/p>\n<p>Existe en bleu, rose, blanc, et dor\u00e9.<\/p>\n<p>Livraison disponible sur Casablanca, Darbouazza, Bouskoura, Mohamm\u00e9dia, Rabat, avec contenu en fruits.<\/p>\n","protected":false},"featured_media":5017,"comment_status":"open","ping_status":"closed","template":"","meta":[],"product_cat":[36,46],"product_tag":[72],"_links":{"self":[{"href":"https:\/\/divinshkachocolate.com\/casablanca\/wp-json\/wp\/v2\/product\/5016"}],"collection":[{"href":"https:\/\/divinshkachocolate.com\/casablanca\/wp-json\/wp\/v2\/product"}],"about":[{"href":"https:\/\/divinshkachocolate.com\/casablanca\/wp-json\/wp\/v2\/types\/product"}],"replies":[{"embeddable":true,"href":"https:\/\/divinshkachocolate.com\/casablanca\/wp-json\/wp\/v2\/comments?post=5016"}],"wp:featuredmedia":[{"embeddable":true,"href":"https:\/\/divinshkachocolate.com\/casablanca\/wp-json\/wp\/v2\/media\/5017"}],"wp:attachment":[{"href":"https:\/\/divinshkachocolate.com\/casablanca\/wp-json\/wp\/v2\/media?parent=5016"}],"wp:term":[{"taxonomy":"product_cat","embeddable":true,"href":"https:\/\/divinshkachocolate.com\/casablanca\/wp-json\/wp\/v2\/product_cat?post=5016"},{"taxonomy":"product_tag","embeddable":true,"href":"https:\/\/divinshkachocolate.com\/casablanca\/wp-json\/wp\/v2\/product_tag?post=5016"}],"curies":[{"name":"wp","href":"https:\/\/api.w.org\/{rel}","templated":true}]}}