{"id":4936,"date":"2021-01-20T11:06:27","date_gmt":"2021-01-20T10:06:27","guid":{"rendered":"https:\/\/divinshkachocolate.com\/?post_type=product&#038;p=4936"},"modified":"2023-03-08T00:03:05","modified_gmt":"2023-03-07T23:03:05","slug":"bouquets-fruitschocolat-2","status":"publish","type":"product","link":"https:\/\/divinshkachocolate.com\/casablanca\/product\/bouquets-fruitschocolat-2\/","title":{"rendered":"Bouquets fruits enrob\u00e9s de chocolat"},"content":{"rendered":"<p>Bouquet fruits enrob\u00e9s de chocolat, \u00e0 offrir pour un cadeau anniversaire, naissance, ou simplement pour faire ou se faire plaisir.<\/p>\n","protected":false},"excerpt":{"rendered":"<p>Bouquet de fruits enrob\u00e9s de chocolat blanc, fleurs, et macarons.<\/p>\n<p>Id\u00e9al pour un cadeau anniversaire, naissance, ou simplement pour faire ou se faire plaisir.<\/p>\n","protected":false},"featured_media":5075,"comment_status":"open","ping_status":"closed","template":"","meta":[],"product_cat":[92,48],"product_tag":[],"_links":{"self":[{"href":"https:\/\/divinshkachocolate.com\/casablanca\/wp-json\/wp\/v2\/product\/4936"}],"collection":[{"href":"https:\/\/divinshkachocolate.com\/casablanca\/wp-json\/wp\/v2\/product"}],"about":[{"href":"https:\/\/divinshkachocolate.com\/casablanca\/wp-json\/wp\/v2\/types\/product"}],"replies":[{"embeddable":true,"href":"https:\/\/divinshkachocolate.com\/casablanca\/wp-json\/wp\/v2\/comments?post=4936"}],"wp:featuredmedia":[{"embeddable":true,"href":"https:\/\/divinshkachocolate.com\/casablanca\/wp-json\/wp\/v2\/media\/5075"}],"wp:attachment":[{"href":"https:\/\/divinshkachocolate.com\/casablanca\/wp-json\/wp\/v2\/media?parent=4936"}],"wp:term":[{"taxonomy":"product_cat","embeddable":true,"href":"https:\/\/divinshkachocolate.com\/casablanca\/wp-json\/wp\/v2\/product_cat?post=4936"},{"taxonomy":"product_tag","embeddable":true,"href":"https:\/\/divinshkachocolate.com\/casablanca\/wp-json\/wp\/v2\/product_tag?post=4936"}],"curies":[{"name":"wp","href":"https:\/\/api.w.org\/{rel}","templated":true}]}}