{"id":4861,"date":"2021-01-19T23:32:27","date_gmt":"2021-01-19T23:32:27","guid":{"rendered":"https:\/\/divinshkachocolate.com\/?post_type=product&#038;p=4861"},"modified":"2023-08-31T13:49:18","modified_gmt":"2023-08-31T12:49:18","slug":"cadeau-chocolat","status":"publish","type":"product","link":"https:\/\/divinshkachocolate.com\/casablanca\/product\/cadeau-chocolat\/","title":{"rendered":"Cadeau chocolat lettre"},"content":{"rendered":"<p>Cadeau chocolat sous forme de lettre pour \u00e9gayer la journ\u00e9e d&rsquo;un proche, et lui offrir un cadeau durable, qu&rsquo;il peut recycler en objet d\u00e9coratif ou boite \u00e0 bijoux.<\/p>\n","protected":false},"excerpt":{"rendered":"<p>Des coffrets en lettres pour marquer un heureux \u00e9v\u00e9nement.<\/p>\n<p>L&rsquo;une des id\u00e9es cadeaux anniversaire pr\u00e9f\u00e9r\u00e9es de nos clients.<\/p>\n<p>Nos coffrets en lettres sont garnis de fraises enrob\u00e9es de chocolat et\/ou chocolats, d\u00e9cor\u00e9s de fleurs.<\/p>\n<p>Choisissez le mod\u00e8le, la lettre et offrez une attention singuli\u00e8re, que l&rsquo;on peut garder \u00e9ternellement.<\/p>\n<p>Livraison disponible sur Casablanca, Darbouazza, Bouskoura, Rabat.<\/p>\n<p>Livraison avec un contenu chocolat partout au Maroc.<\/p>\n","protected":false},"featured_media":4033,"comment_status":"open","ping_status":"closed","template":"","meta":[],"product_cat":[32],"product_tag":[],"_links":{"self":[{"href":"https:\/\/divinshkachocolate.com\/casablanca\/wp-json\/wp\/v2\/product\/4861"}],"collection":[{"href":"https:\/\/divinshkachocolate.com\/casablanca\/wp-json\/wp\/v2\/product"}],"about":[{"href":"https:\/\/divinshkachocolate.com\/casablanca\/wp-json\/wp\/v2\/types\/product"}],"replies":[{"embeddable":true,"href":"https:\/\/divinshkachocolate.com\/casablanca\/wp-json\/wp\/v2\/comments?post=4861"}],"wp:featuredmedia":[{"embeddable":true,"href":"https:\/\/divinshkachocolate.com\/casablanca\/wp-json\/wp\/v2\/media\/4033"}],"wp:attachment":[{"href":"https:\/\/divinshkachocolate.com\/casablanca\/wp-json\/wp\/v2\/media?parent=4861"}],"wp:term":[{"taxonomy":"product_cat","embeddable":true,"href":"https:\/\/divinshkachocolate.com\/casablanca\/wp-json\/wp\/v2\/product_cat?post=4861"},{"taxonomy":"product_tag","embeddable":true,"href":"https:\/\/divinshkachocolate.com\/casablanca\/wp-json\/wp\/v2\/product_tag?post=4861"}],"curies":[{"name":"wp","href":"https:\/\/api.w.org\/{rel}","templated":true}]}}