{"id":4792,"date":"2021-01-19T23:29:06","date_gmt":"2021-01-19T23:29:06","guid":{"rendered":"https:\/\/divinshkachocolate.com\/?post_type=product&#038;p=4792"},"modified":"2024-02-06T17:02:47","modified_gmt":"2024-02-06T16:02:47","slug":"cadeau-lettre-chocolt-11","status":"publish","type":"product","link":"https:\/\/divinshkachocolate.com\/casablanca\/product\/cadeau-lettre-chocolt-11\/","title":{"rendered":"Cadeau lettre en chocolat"},"content":{"rendered":"<p>Cadeau lettre en chocolat. L&rsquo;une des id\u00e9es cadeaux anniversaire pr\u00e9f\u00e9r\u00e9es de nos clients !<\/p>\n<p>&nbsp;<\/p>\n","protected":false},"excerpt":{"rendered":"<p>Cadeau lettre en chocolat. L&rsquo;une des id\u00e9es cadeaux anniversaire pr\u00e9f\u00e9r\u00e9es de nos clients.<\/p>\n<p>Nos coffrets en lettres sont garnis de fraises enrob\u00e9es de chocolat et\/ou chocolats, d\u00e9cor\u00e9s de fleurs.<\/p>\n<p>Choisissez le mod\u00e8le, la lettre et offrez une attention singuli\u00e8re, que l&rsquo;on peut garder \u00e9ternellement.<\/p>\n<p>Livraison\u00a0 partout au Maroc.<\/p>\n","protected":false},"featured_media":4037,"comment_status":"open","ping_status":"closed","template":"","meta":[],"product_cat":[32],"product_tag":[],"_links":{"self":[{"href":"https:\/\/divinshkachocolate.com\/casablanca\/wp-json\/wp\/v2\/product\/4792"}],"collection":[{"href":"https:\/\/divinshkachocolate.com\/casablanca\/wp-json\/wp\/v2\/product"}],"about":[{"href":"https:\/\/divinshkachocolate.com\/casablanca\/wp-json\/wp\/v2\/types\/product"}],"replies":[{"embeddable":true,"href":"https:\/\/divinshkachocolate.com\/casablanca\/wp-json\/wp\/v2\/comments?post=4792"}],"wp:featuredmedia":[{"embeddable":true,"href":"https:\/\/divinshkachocolate.com\/casablanca\/wp-json\/wp\/v2\/media\/4037"}],"wp:attachment":[{"href":"https:\/\/divinshkachocolate.com\/casablanca\/wp-json\/wp\/v2\/media?parent=4792"}],"wp:term":[{"taxonomy":"product_cat","embeddable":true,"href":"https:\/\/divinshkachocolate.com\/casablanca\/wp-json\/wp\/v2\/product_cat?post=4792"},{"taxonomy":"product_tag","embeddable":true,"href":"https:\/\/divinshkachocolate.com\/casablanca\/wp-json\/wp\/v2\/product_tag?post=4792"}],"curies":[{"name":"wp","href":"https:\/\/api.w.org\/{rel}","templated":true}]}}