{"id":4700,"date":"2021-01-19T23:25:18","date_gmt":"2021-01-19T22:25:18","guid":{"rendered":"https:\/\/divinshkachocolate.com\/?post_type=product&#038;p=4700"},"modified":"2024-02-06T16:52:34","modified_gmt":"2024-02-06T15:52:34","slug":"say-my-name-7","status":"publish","type":"product","link":"https:\/\/divinshkachocolate.com\/casablanca\/product\/say-my-name-7\/","title":{"rendered":"Cadeau lettre en chocolat"},"content":{"rendered":"<p>Cadeau lettre en chocolat.<\/p>\n<p>L&rsquo;une des id\u00e9es cadeaux anniversaire pr\u00e9f\u00e9r\u00e9es de nos clients !<\/p>\n<p>&nbsp;<\/p>\n","protected":false},"excerpt":{"rendered":"<p>Cadeau lettre en chocolat.<\/p>\n<p>L&rsquo;une des id\u00e9es cadeaux anniversaire pr\u00e9f\u00e9r\u00e9es de nos clients.<\/p>\n<p>Nos coffrets en lettres sont garnis de fraises enrob\u00e9es de chocolat et\/ou chocolats, d\u00e9cor\u00e9s de fleurs.<\/p>\n<p>Choisissez le mod\u00e8le, la lettre et offrez une attention singuli\u00e8re, que l&rsquo;on peut garder \u00e9ternellement.<\/p>\n<p>Livraison disponible sur Casablanca, Darbouazza, Bouskoura, Rabat.<\/p>\n<p>Livraison avec un contenu chocolat partout au Maroc.<\/p>\n","protected":false},"featured_media":4045,"comment_status":"open","ping_status":"closed","template":"","meta":[],"product_cat":[32],"product_tag":[51],"_links":{"self":[{"href":"https:\/\/divinshkachocolate.com\/casablanca\/wp-json\/wp\/v2\/product\/4700"}],"collection":[{"href":"https:\/\/divinshkachocolate.com\/casablanca\/wp-json\/wp\/v2\/product"}],"about":[{"href":"https:\/\/divinshkachocolate.com\/casablanca\/wp-json\/wp\/v2\/types\/product"}],"replies":[{"embeddable":true,"href":"https:\/\/divinshkachocolate.com\/casablanca\/wp-json\/wp\/v2\/comments?post=4700"}],"wp:featuredmedia":[{"embeddable":true,"href":"https:\/\/divinshkachocolate.com\/casablanca\/wp-json\/wp\/v2\/media\/4045"}],"wp:attachment":[{"href":"https:\/\/divinshkachocolate.com\/casablanca\/wp-json\/wp\/v2\/media?parent=4700"}],"wp:term":[{"taxonomy":"product_cat","embeddable":true,"href":"https:\/\/divinshkachocolate.com\/casablanca\/wp-json\/wp\/v2\/product_cat?post=4700"},{"taxonomy":"product_tag","embeddable":true,"href":"https:\/\/divinshkachocolate.com\/casablanca\/wp-json\/wp\/v2\/product_tag?post=4700"}],"curies":[{"name":"wp","href":"https:\/\/api.w.org\/{rel}","templated":true}]}}