{"id":4608,"date":"2021-01-19T23:21:00","date_gmt":"2021-01-19T23:21:00","guid":{"rendered":"https:\/\/divinshkachocolate.com\/?post_type=product&#038;p=4608"},"modified":"2024-02-06T16:14:27","modified_gmt":"2024-02-06T15:14:27","slug":"cadeau-lettre-chocolat-3","status":"publish","type":"product","link":"https:\/\/divinshkachocolate.com\/casablanca\/product\/cadeau-lettre-chocolat-3\/","title":{"rendered":"Cadeau lettre en chocolat"},"content":{"rendered":"<p>Cadeau lettre en chocolat.<\/p>\n<p>L&rsquo;une des id\u00e9es cadeaux anniversaire pr\u00e9f\u00e9r\u00e9es de nos clients !<\/p>\n<p>&nbsp;<\/p>\n","protected":false},"excerpt":{"rendered":"<p>Cadeau lette en chocolat.<\/p>\n<p>L&rsquo;une des id\u00e9es cadeaux anniversaire pr\u00e9f\u00e9r\u00e9es de nos clients !<\/p>\n<p>Nos coffrets en lettres sont garnis de fraises enrob\u00e9es de chocolat et\/ou chocolats, d\u00e9cor\u00e9s de fleurs.<\/p>\n<p>Choisissez le mod\u00e8le, la lettre et offrez une attention singuli\u00e8re, que l&rsquo;on peut garder \u00e9ternellement.<\/p>\n<p>Livraison disponible sur Casablanca, Darbouazza, Bouskoura, Rabat. Livraison avec un contenu chocolat partout au Maroc.<\/p>\n","protected":false},"featured_media":4050,"comment_status":"open","ping_status":"closed","template":"","meta":[],"product_cat":[32],"product_tag":[],"_links":{"self":[{"href":"https:\/\/divinshkachocolate.com\/casablanca\/wp-json\/wp\/v2\/product\/4608"}],"collection":[{"href":"https:\/\/divinshkachocolate.com\/casablanca\/wp-json\/wp\/v2\/product"}],"about":[{"href":"https:\/\/divinshkachocolate.com\/casablanca\/wp-json\/wp\/v2\/types\/product"}],"replies":[{"embeddable":true,"href":"https:\/\/divinshkachocolate.com\/casablanca\/wp-json\/wp\/v2\/comments?post=4608"}],"wp:featuredmedia":[{"embeddable":true,"href":"https:\/\/divinshkachocolate.com\/casablanca\/wp-json\/wp\/v2\/media\/4050"}],"wp:attachment":[{"href":"https:\/\/divinshkachocolate.com\/casablanca\/wp-json\/wp\/v2\/media?parent=4608"}],"wp:term":[{"taxonomy":"product_cat","embeddable":true,"href":"https:\/\/divinshkachocolate.com\/casablanca\/wp-json\/wp\/v2\/product_cat?post=4608"},{"taxonomy":"product_tag","embeddable":true,"href":"https:\/\/divinshkachocolate.com\/casablanca\/wp-json\/wp\/v2\/product_tag?post=4608"}],"curies":[{"name":"wp","href":"https:\/\/api.w.org\/{rel}","templated":true}]}}