{"id":3792,"date":"2020-11-30T15:47:54","date_gmt":"2020-11-30T15:47:54","guid":{"rendered":"https:\/\/divinshkachocolate.com\/?post_type=product&#038;p=3792"},"modified":"2024-02-06T16:20:36","modified_gmt":"2024-02-06T15:20:36","slug":"cadeau-lettre-chocolat","status":"publish","type":"product","link":"https:\/\/divinshkachocolate.com\/casablanca\/product\/cadeau-lettre-chocolat\/","title":{"rendered":"Cadeau lettre en chocolat"},"content":{"rendered":"<p>Cadeau lettre en chocolat.<\/p>\n<p>Pour les coffrets livr\u00e9s hors Casablanca, les fruits sont remplac\u00e9s par des chocolats non p\u00e9rissables.<\/p>\n","protected":false},"excerpt":{"rendered":"<p>Cadeau lettre en chocolat.<\/p>\n<p>Pour les coffrets livr\u00e9s hors Casablanca, les fruits sont remplac\u00e9s par des chocolats non p\u00e9rissables.<\/p>\n","protected":false},"featured_media":3907,"comment_status":"open","ping_status":"closed","template":"","meta":[],"product_cat":[32],"product_tag":[],"_links":{"self":[{"href":"https:\/\/divinshkachocolate.com\/casablanca\/wp-json\/wp\/v2\/product\/3792"}],"collection":[{"href":"https:\/\/divinshkachocolate.com\/casablanca\/wp-json\/wp\/v2\/product"}],"about":[{"href":"https:\/\/divinshkachocolate.com\/casablanca\/wp-json\/wp\/v2\/types\/product"}],"replies":[{"embeddable":true,"href":"https:\/\/divinshkachocolate.com\/casablanca\/wp-json\/wp\/v2\/comments?post=3792"}],"wp:featuredmedia":[{"embeddable":true,"href":"https:\/\/divinshkachocolate.com\/casablanca\/wp-json\/wp\/v2\/media\/3907"}],"wp:attachment":[{"href":"https:\/\/divinshkachocolate.com\/casablanca\/wp-json\/wp\/v2\/media?parent=3792"}],"wp:term":[{"taxonomy":"product_cat","embeddable":true,"href":"https:\/\/divinshkachocolate.com\/casablanca\/wp-json\/wp\/v2\/product_cat?post=3792"},{"taxonomy":"product_tag","embeddable":true,"href":"https:\/\/divinshkachocolate.com\/casablanca\/wp-json\/wp\/v2\/product_tag?post=3792"}],"curies":[{"name":"wp","href":"https:\/\/api.w.org\/{rel}","templated":true}]}}