{"id":3291,"date":"2020-09-29T20:42:30","date_gmt":"2020-09-29T19:42:30","guid":{"rendered":"https:\/\/divinshkachocolate.com\/?post_type=product&#038;p=3291"},"modified":"2023-02-17T13:28:04","modified_gmt":"2023-02-17T12:28:04","slug":"cadeau-naissance-fille","status":"publish","type":"product","link":"https:\/\/divinshkachocolate.com\/casablanca\/product\/cadeau-naissance-fille\/","title":{"rendered":"Cadeau naissance fille"},"content":{"rendered":"<p>Cadeau naissance fille, compos\u00e9 de d\u00e9licieux fruits enrob\u00e9s de chocolat, fleurs, et macarons<\/p>\n","protected":false},"excerpt":{"rendered":"<p>Cadeau naissance fille, compos\u00e9 de d\u00e9licieux fruits enrob\u00e9s de chocolat, fleurs, et macarons<\/p>\n<p>Livraison disponible sur Casablanca, Darbouazza, Bouskoura, Mohamm\u00e9dia, Rabat.<\/p>\n<p>Personnalisation? contactez les \u00e9quipes magasin.<\/p>\n","protected":false},"featured_media":3292,"comment_status":"open","ping_status":"closed","template":"","meta":[],"product_cat":[48,36],"product_tag":[],"_links":{"self":[{"href":"https:\/\/divinshkachocolate.com\/casablanca\/wp-json\/wp\/v2\/product\/3291"}],"collection":[{"href":"https:\/\/divinshkachocolate.com\/casablanca\/wp-json\/wp\/v2\/product"}],"about":[{"href":"https:\/\/divinshkachocolate.com\/casablanca\/wp-json\/wp\/v2\/types\/product"}],"replies":[{"embeddable":true,"href":"https:\/\/divinshkachocolate.com\/casablanca\/wp-json\/wp\/v2\/comments?post=3291"}],"wp:featuredmedia":[{"embeddable":true,"href":"https:\/\/divinshkachocolate.com\/casablanca\/wp-json\/wp\/v2\/media\/3292"}],"wp:attachment":[{"href":"https:\/\/divinshkachocolate.com\/casablanca\/wp-json\/wp\/v2\/media?parent=3291"}],"wp:term":[{"taxonomy":"product_cat","embeddable":true,"href":"https:\/\/divinshkachocolate.com\/casablanca\/wp-json\/wp\/v2\/product_cat?post=3291"},{"taxonomy":"product_tag","embeddable":true,"href":"https:\/\/divinshkachocolate.com\/casablanca\/wp-json\/wp\/v2\/product_tag?post=3291"}],"curies":[{"name":"wp","href":"https:\/\/api.w.org\/{rel}","templated":true}]}}