{"id":3282,"date":"2020-09-29T20:35:19","date_gmt":"2020-09-29T20:35:19","guid":{"rendered":"https:\/\/divinshkachocolate.com\/?post_type=product&#038;p=3282"},"modified":"2025-11-16T19:04:51","modified_gmt":"2025-11-16T18:04:51","slug":"fruits-enrobes-chocolat","status":"publish","type":"product","link":"https:\/\/divinshkachocolate.com\/casablanca\/product\/fruits-enrobes-chocolat\/","title":{"rendered":"Bouquet fruits enrob\u00e9s de chocolat"},"content":{"rendered":"<p>Bouquet fruits enrob\u00e9s de chocolat.<\/p>\n<p>Le cadeau id\u00e9al aussi bien pour un anniversaire, que pour un cadeau entreprise, ou simplement pour marquer vos convives lors d&rsquo;un \u00e9v\u00e8nement heureux.<\/p>\n","protected":false},"excerpt":{"rendered":"<p>Bouquet fruits enrob\u00e9s de chocolat et fruits exotiques, pr\u00e9sent\u00e9 dans un luxueux contenant transparent.<\/p>\n<p>Le cadeau id\u00e9al aussi bien pour un anniversaire, que pour un cadeau entreprise, ou simplement pour marquer vos convives lors d&rsquo;un \u00e9v\u00e8nement heureux.<\/p>\n<p>Livraison disponible sur Casablanca, Bouskoura, Darbouazza, Mohamm\u00e9dia, Rabat<\/p>\n","protected":false},"featured_media":6310,"comment_status":"open","ping_status":"closed","template":"","meta":[],"product_cat":[34],"product_tag":[],"_links":{"self":[{"href":"https:\/\/divinshkachocolate.com\/casablanca\/wp-json\/wp\/v2\/product\/3282"}],"collection":[{"href":"https:\/\/divinshkachocolate.com\/casablanca\/wp-json\/wp\/v2\/product"}],"about":[{"href":"https:\/\/divinshkachocolate.com\/casablanca\/wp-json\/wp\/v2\/types\/product"}],"replies":[{"embeddable":true,"href":"https:\/\/divinshkachocolate.com\/casablanca\/wp-json\/wp\/v2\/comments?post=3282"}],"wp:featuredmedia":[{"embeddable":true,"href":"https:\/\/divinshkachocolate.com\/casablanca\/wp-json\/wp\/v2\/media\/6310"}],"wp:attachment":[{"href":"https:\/\/divinshkachocolate.com\/casablanca\/wp-json\/wp\/v2\/media?parent=3282"}],"wp:term":[{"taxonomy":"product_cat","embeddable":true,"href":"https:\/\/divinshkachocolate.com\/casablanca\/wp-json\/wp\/v2\/product_cat?post=3282"},{"taxonomy":"product_tag","embeddable":true,"href":"https:\/\/divinshkachocolate.com\/casablanca\/wp-json\/wp\/v2\/product_tag?post=3282"}],"curies":[{"name":"wp","href":"https:\/\/api.w.org\/{rel}","templated":true}]}}