{"id":3450,"date":"2020-10-27T22:24:14","date_gmt":"2020-10-27T21:24:14","guid":{"rendered":"https:\/\/divinshkachocolate.com\/?page_id=3450"},"modified":"2025-04-29T12:18:48","modified_gmt":"2025-04-29T11:18:48","slug":"divinshka-franchisechocolat-fruitsechocolat","status":"publish","type":"page","link":"https:\/\/divinshkachocolate.com\/casablanca\/divinshka-franchisechocolat-fruitsechocolat\/","title":{"rendered":"FRANCHISE DIVINSHKA"},"content":{"rendered":"\t\t<div data-elementor-type=\"wp-page\" data-elementor-id=\"3450\" class=\"elementor elementor-3450\">\n\t\t\t\t\t\t\t\t\t<section class=\"elementor-section elementor-top-section elementor-element elementor-element-58df3adc elementor-section-boxed elementor-section-height-default elementor-section-height-default\" data-id=\"58df3adc\" data-element_type=\"section\" data-settings=\"{&quot;background_background&quot;:&quot;classic&quot;,&quot;background_motion_fx_motion_fx_scrolling&quot;:&quot;yes&quot;,&quot;background_motion_fx_translateY_effect&quot;:&quot;yes&quot;,&quot;background_motion_fx_translateY_speed&quot;:{&quot;unit&quot;:&quot;px&quot;,&quot;size&quot;:3,&quot;sizes&quot;:[]},&quot;background_motion_fx_translateY_affectedRange&quot;:{&quot;unit&quot;:&quot;%&quot;,&quot;size&quot;:&quot;&quot;,&quot;sizes&quot;:{&quot;start&quot;:20,&quot;end&quot;:80}},&quot;background_motion_fx_devices&quot;:[&quot;desktop&quot;,&quot;mobile&quot;,&quot;mobile_extra&quot;,&quot;tablet&quot;,&quot;laptop&quot;]}\">\n\t\t\t\t\t\t\t<div class=\"elementor-background-overlay\"><\/div>\n\t\t\t\t\t\t\t<div class=\"elementor-container elementor-column-gap-no\">\n\t\t\t\t\t<div class=\"elementor-column elementor-col-100 elementor-top-column elementor-element elementor-element-4239e15f lakit-col-width-auto-no\" data-id=\"4239e15f\" data-element_type=\"column\">\n\t\t\t<div class=\"elementor-widget-wrap elementor-element-populated\">\n\t\t\t\t\t\t\t\t<div class=\"elementor-element elementor-element-6ba6348c lakit-breadcrumbs-align-center lakit-breadcrumbs-on-front-yes lakit-breadcrumbs-page-title-yes elementor-widget lastudio-kit elementor-lakit-breadcrumbs\" data-id=\"6ba6348c\" data-element_type=\"widget\" data-widget_type=\"lakit-breadcrumbs.default\">\n\t\t\t\t<div class=\"elementor-widget-container\">\n\t\t\t\n\t\t<div class=\"lakit-breadcrumbs\">\n\t\t<div class=\"lakit-breadcrumbs__content\">\n\t\t<div class=\"lakit-breadcrumbs__wrap\"><div class=\"lakit-breadcrumbs__item\"><a href=\"https:\/\/divinshkachocolate.com\/casablanca\/\" class=\"lakit-breadcrumbs__item-link is-home\" rel=\"home\" title=\"Accueil\">Accueil<\/a><\/div>\n\t\t<\/div>\n\t\t<\/div>\n\t\t<\/div>\t\t<\/div>\n\t\t\t\t<\/div>\n\t\t\t\t\t<\/div>\n\t\t<\/div>\n\t\t\t\t\t\t\t<\/div>\n\t\t<\/section>\n\t\t\t\t<section class=\"elementor-section elementor-top-section elementor-element elementor-element-41c33562 elementor-section-boxed elementor-section-height-default elementor-section-height-default\" data-id=\"41c33562\" data-element_type=\"section\">\n\t\t\t\t\t\t<div class=\"elementor-container elementor-column-gap-default\">\n\t\t\t\t\t<div class=\"elementor-column elementor-col-100 elementor-top-column elementor-element elementor-element-21ad7950 lakit-col-width-auto-no\" data-id=\"21ad7950\" data-element_type=\"column\">\n\t\t\t<div class=\"elementor-widget-wrap elementor-element-populated\">\n\t\t\t\t\t\t\t\t<div class=\"elementor-element elementor-element-39b61194 elementor-widget elementor-widget-text-editor\" data-id=\"39b61194\" data-element_type=\"widget\" data-widget_type=\"text-editor.default\">\n\t\t\t\t<div class=\"elementor-widget-container\">\n\t\t\t<style>\/*! elementor - v3.17.0 - 08-11-2023 *\/\n.elementor-widget-text-editor.elementor-drop-cap-view-stacked .elementor-drop-cap{background-color:#69727d;color:#fff}.elementor-widget-text-editor.elementor-drop-cap-view-framed .elementor-drop-cap{color:#69727d;border:3px solid;background-color:transparent}.elementor-widget-text-editor:not(.elementor-drop-cap-view-default) .elementor-drop-cap{margin-top:8px}.elementor-widget-text-editor:not(.elementor-drop-cap-view-default) .elementor-drop-cap-letter{width:1em;height:1em}.elementor-widget-text-editor .elementor-drop-cap{float:left;text-align:center;line-height:1;font-size:50px}.elementor-widget-text-editor .elementor-drop-cap-letter{display:inline-block}<\/style>\t\t\t\t<p>\u00a0<\/p><p style=\"text-align: center;\"><strong>FRANCHISE CHOCOLAT DIVINSHKA, POURQUOI?<\/strong><\/p><p style=\"text-align: center;\">\u2022Un concept novateur, une offre exclusive dans le monde.<\/p><p style=\"text-align: center;\">\u2022Un march\u00e9 cible diversifi\u00e9 constitu\u00e9 de clients entreprises et particuliers.<\/p><p style=\"text-align: center;\">\u2022Des produits sur mesure adapt\u00e9s pour toutes les occasions : pour se faire plaisir, r\u00e9ception, anniversaire, nouvel an, Saint-Valentin, Journ\u00e9e de la femme, 8 Mars, P\u00e2ques, naissance, mariages\u2026etc:.<\/p><p style=\"text-align: center;\">\u2022<a href=\"https:\/\/divinshkachocolate.com\/\">Divinshka<\/a>, marque experte en strat\u00e9gie digitale, offre une assistance en support Marketing \u00e0 ses futurs franchis\u00e9s.<\/p><p style=\"text-align: center;\">\u2022<a href=\"https:\/\/www.facebook.com\/DIVINSHKA\/\" target=\"_blank\" rel=\"noopener\">Divinshka<\/a> assure des formations continues sur les produits et ses gammes de chocolat.<\/p><p>\u00a0<\/p>\t\t\t\t\t\t<\/div>\n\t\t\t\t<\/div>\n\t\t\t\t<div class=\"elementor-element elementor-element-76d2c0a elementor-widget elementor-widget-html\" data-id=\"76d2c0a\" data-element_type=\"widget\" data-widget_type=\"html.default\">\n\t\t\t\t<div class=\"elementor-widget-container\">\n\t\t\t<div role=\"form\" class=\"wpcf7\" id=\"wpcf7-f8638-o1\" lang=\"fr-FR\" dir=\"ltr\">\n<div class=\"screen-reader-response\"><p role=\"status\" aria-live=\"polite\" aria-atomic=\"true\"><\/p> <ul><\/ul><\/div>\n<form action=\"\/casablanca\/wp-json\/wp\/v2\/pages\/3450#wpcf7-f8638-o1\" method=\"post\" class=\"wpcf7-form init\" novalidate=\"novalidate\" data-status=\"init\">\n<div style=\"display: none;\">\n<input type=\"hidden\" name=\"_wpcf7\" value=\"8638\" \/>\n<input type=\"hidden\" name=\"_wpcf7_version\" value=\"5.5.6\" \/>\n<input type=\"hidden\" name=\"_wpcf7_locale\" value=\"fr_FR\" \/>\n<input type=\"hidden\" name=\"_wpcf7_unit_tag\" value=\"wpcf7-f8638-o1\" \/>\n<input type=\"hidden\" name=\"_wpcf7_container_post\" value=\"0\" \/>\n<input type=\"hidden\" name=\"_wpcf7_posted_data_hash\" value=\"\" \/>\n<input type=\"hidden\" name=\"_wpcf7_recaptcha_response\" value=\"\" \/>\n<\/div>\n<form>\n  <label>\u00cates-vous ? *<br \/>\n    <span class=\"wpcf7-form-control-wrap votre-statut\"><select name=\"votre-statut\" class=\"wpcf7-form-control wpcf7-select wpcf7-validates-as-required\" aria-required=\"true\" aria-invalid=\"false\"><option value=\"\">---<\/option><option value=\"Dirigeant\">Dirigeant<\/option><option value=\"Salari\u00e9\">Salari\u00e9<\/option><option value=\"Chef d&#039;entreprise\">Chef d&#039;entreprise<\/option><option value=\"\u00c2 la recherche d&#039;un emploi\u2026\">\u00c2 la recherche d&#039;un emploi\u2026<\/option><\/select><\/span><br \/>\n  <\/label><\/p>\n<p>  <label>Nom *<br \/>\n    <span class=\"wpcf7-form-control-wrap votre-nom\"><input type=\"text\" name=\"votre-nom\" value=\"\" size=\"40\" class=\"wpcf7-form-control wpcf7-text wpcf7-validates-as-required\" aria-required=\"true\" aria-invalid=\"false\" placeholder=\"Nom\" \/><\/span><br \/>\n  <\/label><\/p>\n<p>  <label>Pr\u00e9nom *<br \/>\n    <span class=\"wpcf7-form-control-wrap votre-prenom\"><input type=\"text\" name=\"votre-prenom\" value=\"\" size=\"40\" class=\"wpcf7-form-control wpcf7-text wpcf7-validates-as-required\" aria-required=\"true\" aria-invalid=\"false\" placeholder=\"Pr\u00e9nom\" \/><\/span><br \/>\n  <\/label><\/p>\n<p>  <label>Adresse *<br \/>\n    <span class=\"wpcf7-form-control-wrap votre-adresse\"><input type=\"text\" name=\"votre-adresse\" value=\"\" size=\"40\" class=\"wpcf7-form-control wpcf7-text wpcf7-validates-as-required\" aria-required=\"true\" aria-invalid=\"false\" placeholder=\"Adresse (code postal, ville...)\" \/><\/span><br \/>\n  <\/label><\/p>\n<p>  <label>T\u00e9l\u00e9phone *<br \/>\n    <span class=\"wpcf7-form-control-wrap votre-telephone\"><input type=\"tel\" name=\"votre-telephone\" value=\"\" size=\"40\" class=\"wpcf7-form-control wpcf7-text wpcf7-tel wpcf7-validates-as-required wpcf7-validates-as-tel\" aria-required=\"true\" aria-invalid=\"false\" placeholder=\"T\u00e9l\u00e9phone\" \/><\/span><br \/>\n  <\/label><\/p>\n<p>  <label>Email *<br \/>\n    <span class=\"wpcf7-form-control-wrap votre-email\"><input type=\"email\" name=\"votre-email\" value=\"\" size=\"40\" class=\"wpcf7-form-control wpcf7-text wpcf7-email wpcf7-validates-as-required wpcf7-validates-as-email\" aria-required=\"true\" aria-invalid=\"false\" placeholder=\"your-email\" \/><\/span><br \/>\n  <\/label><\/p>\n<p>  <label>Secteur g\u00e9ographique souhait\u00e9 *<br \/>\n    <span class=\"wpcf7-form-control-wrap secteur-geographique\"><input type=\"text\" name=\"secteur-geographique\" value=\"\" size=\"40\" class=\"wpcf7-form-control wpcf7-text wpcf7-validates-as-required\" aria-required=\"true\" aria-invalid=\"false\" placeholder=\"Secteur g\u00e9ographique souhait\u00e9\" \/><\/span><br \/>\n  <\/label><\/p>\n<p>  <label>Apport personnel (vos propres fonds) *<br \/>\n    <span class=\"wpcf7-form-control-wrap apport-personnel\"><select name=\"apport-personnel\" class=\"wpcf7-form-control wpcf7-select wpcf7-validates-as-required\" aria-required=\"true\" aria-invalid=\"false\"><option value=\"\">---<\/option><option value=\"Entre 200 000 et 300 000 Dhs\">Entre 200 000 et 300 000 Dhs<\/option><option value=\"Entre 300 000 et 500 000 Dhs\">Entre 300 000 et 500 000 Dhs<\/option><option value=\"Plus de 500 000 Dhs\">Plus de 500 000 Dhs<\/option><\/select><\/span><br \/>\n  <\/label><\/p>\n<p>  <label>Avanc\u00e9es de votre projet *<br \/>\n    <span class=\"wpcf7-form-control-wrap avance-projet\"><select name=\"avance-projet\" class=\"wpcf7-form-control wpcf7-select wpcf7-validates-as-required\" aria-required=\"true\" aria-invalid=\"false\"><option value=\"\">---<\/option><option value=\"Recherche de documentations\">Recherche de documentations<\/option><option value=\"Projet de cr\u00e9ation\">Projet de cr\u00e9ation<\/option><\/select><\/span><br \/>\n  <\/label><\/p>\n<p>  <label>Votre parcours, votre projet... *<br \/>\n    <span class=\"wpcf7-form-control-wrap votre-parcours\"><textarea name=\"votre-parcours\" cols=\"40\" rows=\"10\" class=\"wpcf7-form-control wpcf7-textarea wpcf7-validates-as-required\" aria-required=\"true\" aria-invalid=\"false\" placeholder=\"Votre parcours, votre projet...\"><\/textarea><\/span><br \/>\n  <\/label><\/p>\n<p>  <input type=\"submit\" value=\"Envoyer\" class=\"wpcf7-form-control has-spinner wpcf7-submit\" \/>\n<\/p><\/form>\n<div class=\"wpcf7-response-output\" aria-hidden=\"true\"><\/div><\/form><\/div>\t\t<\/div>\n\t\t\t\t<\/div>\n\t\t\t\t\t<\/div>\n\t\t<\/div>\n\t\t\t\t\t\t\t<\/div>\n\t\t<\/section>\n\t\t\t\t\t\t\t<\/div>\n\t\t","protected":false},"excerpt":{"rendered":"<p>Accueil \u00a0 FRANCHISE CHOCOLAT DIVINSHKA, POURQUOI? \u2022Un concept novateur, une offre exclusive dans le monde. \u2022Un march\u00e9 cible diversifi\u00e9 constitu\u00e9 [&hellip;]<\/p>\n","protected":false},"author":285,"featured_media":0,"parent":0,"menu_order":0,"comment_status":"closed","ping_status":"closed","template":"","meta":{"footnotes":""},"_links":{"self":[{"href":"https:\/\/divinshkachocolate.com\/casablanca\/wp-json\/wp\/v2\/pages\/3450"}],"collection":[{"href":"https:\/\/divinshkachocolate.com\/casablanca\/wp-json\/wp\/v2\/pages"}],"about":[{"href":"https:\/\/divinshkachocolate.com\/casablanca\/wp-json\/wp\/v2\/types\/page"}],"author":[{"embeddable":true,"href":"https:\/\/divinshkachocolate.com\/casablanca\/wp-json\/wp\/v2\/users\/285"}],"replies":[{"embeddable":true,"href":"https:\/\/divinshkachocolate.com\/casablanca\/wp-json\/wp\/v2\/comments?post=3450"}],"version-history":[{"count":31,"href":"https:\/\/divinshkachocolate.com\/casablanca\/wp-json\/wp\/v2\/pages\/3450\/revisions"}],"predecessor-version":[{"id":8641,"href":"https:\/\/divinshkachocolate.com\/casablanca\/wp-json\/wp\/v2\/pages\/3450\/revisions\/8641"}],"wp:attachment":[{"href":"https:\/\/divinshkachocolate.com\/casablanca\/wp-json\/wp\/v2\/media?parent=3450"}],"curies":[{"name":"wp","href":"https:\/\/api.w.org\/{rel}","templated":true}]}}